{"id":7601,"date":"2018-01-21T23:43:04","date_gmt":"2018-01-22T04:43:04","guid":{"rendered":"http:\/\/cytogenetique.qc.ca\/wp\/?page_id=7601"},"modified":"2023-05-22T10:47:47","modified_gmt":"2023-05-22T15:47:47","slug":"accueil","status":"publish","type":"page","link":"https:\/\/cytogenetique.qc.ca\/","title":{"rendered":"Accueil"},"content":{"rendered":"<p>Bienvenue \u00e0 tous !<\/p>\n<p>La r\u00e9union scientifique de l&rsquo;ACQ aura lieu par visio-conf\u00e9rence<\/p>\n<p>Mardi le 30 mai 2023 !<\/p>\n<p><img loading=\"lazy\" decoding=\"async\" class=\"alignleft size-medium wp-image-7470\" src=\"http:\/\/cytogenetique.qc.ca\n\/wp-content\/uploads\/2018\/01\/ACQ-scaled-up-231x300.jpg\" alt=\"\" width=\"231\" height=\"300\" srcset=\"https:\/\/cytogenetique.qc.ca\/wp-content\/uploads\/2018\/01\/ACQ-scaled-up-231x300.jpg 231w, https:\/\/cytogenetique.qc.ca\/wp-content\/uploads\/2018\/01\/ACQ-scaled-up-768x996.jpg 768w, https:\/\/cytogenetique.qc.ca\/wp-content\/uploads\/2018\/01\/ACQ-scaled-up-789x1024.jpg 789w\" sizes=\"(max-width: 231px) 100vw, 231px\" \/><\/p>\n\n\n<p><\/p>\n\n\n\n<p><\/p>\n","protected":false},"excerpt":{"rendered":"<p>Bienvenue \u00e0 tous ! La r\u00e9union scientifique de l&rsquo;ACQ aura lieu par visio-conf\u00e9rence Mardi le 30 mai 2023 !<\/p>\n","protected":false},"author":1,"featured_media":0,"parent":0,"menu_order":0,"comment_status":"closed","ping_status":"closed","template":"","meta":{"footnotes":""},"class_list":["post-7601","page","type-page","status-publish","hentry"],"blocksy_meta":"","_links":{"self":[{"href":"https:\/\/cytogenetique.qc.ca\/index.php?rest_route=\/wp\/v2\/pages\/7601"}],"collection":[{"href":"https:\/\/cytogenetique.qc.ca\/index.php?rest_route=\/wp\/v2\/pages"}],"about":[{"href":"https:\/\/cytogenetique.qc.ca\/index.php?rest_route=\/wp\/v2\/types\/page"}],"author":[{"embeddable":true,"href":"https:\/\/cytogenetique.qc.ca\/index.php?rest_route=\/wp\/v2\/users\/1"}],"replies":[{"embeddable":true,"href":"https:\/\/cytogenetique.qc.ca\/index.php?rest_route=%2Fwp%2Fv2%2Fcomments&post=7601"}],"version-history":[{"count":15,"href":"https:\/\/cytogenetique.qc.ca\/index.php?rest_route=\/wp\/v2\/pages\/7601\/revisions"}],"predecessor-version":[{"id":7815,"href":"https:\/\/cytogenetique.qc.ca\/index.php?rest_route=\/wp\/v2\/pages\/7601\/revisions\/7815"}],"wp:attachment":[{"href":"https:\/\/cytogenetique.qc.ca\/index.php?rest_route=%2Fwp%2Fv2%2Fmedia&parent=7601"}],"curies":[{"name":"wp","href":"https:\/\/api.w.org\/{rel}","templated":true}]}}