{"id":7367,"date":"2015-02-16T13:17:01","date_gmt":"2015-02-16T18:17:01","guid":{"rendered":"http:\/\/cytogenetique.qc.ca\/wp\/?page_id=7367"},"modified":"2020-03-17T19:51:59","modified_gmt":"2020-03-18T00:51:59","slug":"formulaire-dinscription-reunion-2015","status":"publish","type":"page","link":"http:\/\/cytogenetique.qc.ca\/?page_id=7367","title":{"rendered":"Inscriptions"},"content":{"rendered":"<p>ATTENTION \u00c0 TOUS<\/p>\n<p>Au vu et au su de la situation actuelle, nous regrettons\u00a0 de vous informer que\u00a0 la\u00a0 r\u00e9union du 24 avril 2020 a \u00e9t\u00e9 annul\u00e9e.<\/p>\n<p>Formulaire d&rsquo;inscription: \n<div class=\"wpcf7 no-js\" id=\"wpcf7-f7366-o1\" lang=\"fr-FR\" dir=\"ltr\">\n<div class=\"screen-reader-response\"><p role=\"status\" aria-live=\"polite\" aria-atomic=\"true\"><\/p> <ul><\/ul><\/div>\n<form action=\"\/index.php?rest_route=%2Fwp%2Fv2%2Fpages%2F7367#wpcf7-f7366-o1\" method=\"post\" class=\"wpcf7-form init\" aria-label=\"Formulaire de contact\" novalidate=\"novalidate\" data-status=\"init\">\n<div style=\"display: none;\">\n<input type=\"hidden\" name=\"_wpcf7\" value=\"7366\" \/>\n<input type=\"hidden\" name=\"_wpcf7_version\" value=\"5.9.8\" \/>\n<input type=\"hidden\" name=\"_wpcf7_locale\" value=\"fr_FR\" \/>\n<input type=\"hidden\" name=\"_wpcf7_unit_tag\" value=\"wpcf7-f7366-o1\" \/>\n<input type=\"hidden\" name=\"_wpcf7_container_post\" value=\"0\" \/>\n<input type=\"hidden\" name=\"_wpcf7_posted_data_hash\" value=\"\" \/>\n<\/div>\n<p>Votre nom (obligatoire)<br \/>\n<span class=\"wpcf7-form-control-wrap\" data-name=\"your-name\"><input size=\"40\" maxlength=\"400\" class=\"wpcf7-form-control wpcf7-text wpcf7-validates-as-required\" aria-required=\"true\" aria-invalid=\"false\" value=\"\" type=\"text\" name=\"your-name\" \/><\/span>\n<\/p>\n<p>Votre adresse courriel (obligatoire)<br \/>\n<span class=\"wpcf7-form-control-wrap\" data-name=\"your-email\"><input size=\"40\" maxlength=\"400\" class=\"wpcf7-form-control wpcf7-email wpcf7-validates-as-required wpcf7-text wpcf7-validates-as-email\" aria-required=\"true\" aria-invalid=\"false\" value=\"\" type=\"email\" name=\"your-email\" \/><\/span>\n<\/p>\n<p>Nom du centre hospitalier (obligatoire)<br \/>\n<span class=\"wpcf7-form-control-wrap\" data-name=\"NomduCentrehospitalier\"><textarea cols=\"40\" rows=\"10\" maxlength=\"2000\" class=\"wpcf7-form-control wpcf7-textarea wpcf7-validates-as-required\" aria-required=\"true\" aria-invalid=\"false\" name=\"NomduCentrehospitalier\"><\/textarea><\/span>\n<\/p>\n<p>Les personnes suivantes seront \u00e9galement pr\u00e9sentes:<br \/>\n<span class=\"wpcf7-form-control-wrap\" data-name=\"PersonnesPresentes\"><textarea cols=\"40\" rows=\"10\" maxlength=\"2000\" class=\"wpcf7-form-control wpcf7-textarea\" aria-invalid=\"false\" name=\"PersonnesPresentes\"><\/textarea><\/span>\n<\/p>\n<p>Type de pr\u00e9sentation effectu\u00e9e (s'il y a lieu)<br \/>\n<span class=\"wpcf7-form-control-wrap\" data-name=\"CasePresentation\"><span class=\"wpcf7-form-control wpcf7-checkbox\"><span class=\"wpcf7-list-item first\"><input type=\"checkbox\" name=\"CasePresentation[]\" value=\"Je ferai une pr\u00e9sentation orale\" \/><span class=\"wpcf7-list-item-label\">Je ferai une pr\u00e9sentation orale<\/span><\/span><span class=\"wpcf7-list-item last\"><input type=\"checkbox\" name=\"CasePresentation[]\" value=\"Je pr\u00e9senterai une affiche\" \/><span class=\"wpcf7-list-item-label\">Je pr\u00e9senterai une affiche<\/span><\/span><\/span><\/span>\n<\/p>\n<p>Je suis un(e) \u00e9tudiant(e). Voici le nom de mon programme:<br \/>\n<span class=\"wpcf7-form-control-wrap\" data-name=\"ProgrammeEtude\"><textarea cols=\"1\" rows=\"1\" maxlength=\"2000\" class=\"wpcf7-form-control wpcf7-textarea\" aria-invalid=\"false\" name=\"ProgrammeEtude\"><\/textarea><\/span>\n<\/p>\n<p>Commentaires \/ Suggestions?<br \/>\n<span class=\"wpcf7-form-control-wrap\" data-name=\"Commentaires\"><textarea cols=\"1\" rows=\"1\" maxlength=\"2000\" class=\"wpcf7-form-control wpcf7-textarea\" aria-invalid=\"false\" name=\"Commentaires\"><\/textarea><\/span>\n<\/p>\n<p><input class=\"wpcf7-form-control wpcf7-submit has-spinner\" type=\"submit\" value=\"Envoyer\" \/>\n<\/p><div class=\"wpcf7-response-output\" aria-hidden=\"true\"><\/div>\n<\/form>\n<\/div>\n<\/p>\n","protected":false},"excerpt":{"rendered":"<p>ATTENTION \u00c0 TOUS Au vu et au su de la situation actuelle, nous regrettons\u00a0 de vous informer que\u00a0 la\u00a0 r\u00e9union du 24 avril 2020 a \u00e9t\u00e9 annul\u00e9e. Formulaire d&rsquo;inscription:<\/p>\n","protected":false},"author":1,"featured_media":0,"parent":0,"menu_order":0,"comment_status":"closed","ping_status":"open","template":"","meta":{"footnotes":""},"class_list":["post-7367","page","type-page","status-publish","hentry"],"blocksy_meta":"","_links":{"self":[{"href":"http:\/\/cytogenetique.qc.ca\/index.php?rest_route=\/wp\/v2\/pages\/7367"}],"collection":[{"href":"http:\/\/cytogenetique.qc.ca\/index.php?rest_route=\/wp\/v2\/pages"}],"about":[{"href":"http:\/\/cytogenetique.qc.ca\/index.php?rest_route=\/wp\/v2\/types\/page"}],"author":[{"embeddable":true,"href":"http:\/\/cytogenetique.qc.ca\/index.php?rest_route=\/wp\/v2\/users\/1"}],"replies":[{"embeddable":true,"href":"http:\/\/cytogenetique.qc.ca\/index.php?rest_route=%2Fwp%2Fv2%2Fcomments&post=7367"}],"version-history":[{"count":25,"href":"http:\/\/cytogenetique.qc.ca\/index.php?rest_route=\/wp\/v2\/pages\/7367\/revisions"}],"predecessor-version":[{"id":7798,"href":"http:\/\/cytogenetique.qc.ca\/index.php?rest_route=\/wp\/v2\/pages\/7367\/revisions\/7798"}],"wp:attachment":[{"href":"http:\/\/cytogenetique.qc.ca\/index.php?rest_route=%2Fwp%2Fv2%2Fmedia&parent=7367"}],"curies":[{"name":"wp","href":"https:\/\/api.w.org\/{rel}","templated":true}]}}